{"id":3997,"date":"2019-11-21T15:55:40","date_gmt":"2019-11-21T15:55:40","guid":{"rendered":"https:\/\/canpistraques.com\/quienes-somos\/"},"modified":"2020-07-03T06:42:53","modified_gmt":"2020-07-03T06:42:53","slug":"quienes-somos","status":"publish","type":"page","link":"https:\/\/canpistraques.com\/es\/quienes-somos\/","title":{"rendered":"Qui\u00e9nes somos"},"content":{"rendered":"\n\n  <div class=\"banner has-hover\" id=\"banner-630912850\">\n          <div class=\"banner-inner fill\">\n        <div class=\"banner-bg fill\" >\n            <div class=\"bg fill bg-fill \"><\/div>\n                        <div class=\"overlay\"><\/div>            \n                    <\/div>\n        <div class=\"banner-layers container\">\n            <div class=\"fill banner-link\"><\/div>            \n\n   <div id=\"text-box-1175332749\" class=\"text-box banner-layer x50 md-x50 lg-x50 y50 md-y50 lg-y50 res-text\">\n                                <div class=\"text-box-content text dark\">\n              \n              <div class=\"text-inner text-center\">\n                  \n\n<h1 style=\"letter-spacing: 3px;\">M\u00c1S DE 150 A\u00d1OS ELABORANDO EMBUTIDOS<\/h1>\n\n              <\/div>\n           <\/div>\n                            \n<style>\n#text-box-1175332749 {\n  width: 60%;\n}\n#text-box-1175332749 .text-box-content {\n  font-size: 100%;\n}\n<\/style>\n    <\/div>\n \n\n        <\/div>\n      <\/div>\n\n            \n<style>\n#banner-630912850 {\n  padding-top: 99.99%;\n}\n#banner-630912850 .bg.bg-loaded {\n  background-image: url(https:\/\/canpistraques.com\/wp-content\/uploads\/2019\/10\/Tot_bodego-1024x768.jpg);\n}\n#banner-630912850 .overlay {\n  background-color: rgba(0, 0, 0, 0.26);\n}\n#banner-630912850 .bg {\n  background-position: 60% 59%;\n}\n@media (min-width:550px) {\n  #banner-630912850 {\n    padding-top: 500px;\n  }\n}\n<\/style>\n  <\/div>\n\n\n\t<section class=\"section\" id=\"section_1373290039\">\n\t\t<div class=\"bg section-bg fill bg-fill  bg-loaded\" >\n\n\t\t\t\n\t\t\t\n\t\t\t\n\n\t\t<\/div>\n\n\t\t<div class=\"section-content relative\">\n\t\t\t\n\n<div class=\"row align-center padding-both-sides\"  id=\"row-737120477\">\n\n\n\t<div id=\"col-1267756649\" class=\"col medium-8 small-12 large-8\"  >\n\t\t\t\t<div class=\"col-inner text-center\"  >\n\t\t\t\n\t\t\t\n\n<h1 class=\"uppercase\">Can pistraques, desde 1873<\/h1>\n<p>Can Pistraques es una empresa familiar, con una trayectoria centenaria. Sus or\u00edgenes se remontan a la de 1873, cuando aparece la factura m\u00e1s antigua que conserva el negocio.<\/p>\n<p>Nuestra especialidad, siempre ha sido la elaboraci\u00f3n de embutidos, as\u00ed como varios productos c\u00e1rnicos derivados del cerdo, con los que a lo largo de los a\u00f1os hemos prestado servicio a muchos hogares de toda Catalu\u00f1a.<\/p>\n<p>Hoy en d\u00eda, con el fin de mantener la estructura de negocio familiar y adaptarnos a las nuevas legislaciones sanitarias, seguimos ofreciendo los mejores productos y mantenemos los procesos de selecci\u00f3n de la mejor materia prima y elaboraci\u00f3n artesanal, Ampliando la gama de cada d\u00eda, con el fin de adaptarnos a los nuevos h\u00e1bitos de compra y consumo.<\/p>\n\t<div id=\"gap-1882298408\" class=\"gap-element clearfix\" style=\"display:block; height:auto;\">\n\t\t\n<style>\n#gap-1882298408 {\n  padding-top: 60px;\n}\n<\/style>\n\t<\/div>\n\t\n\n\n\t\t<\/div>\n\t\t\t\t\t<\/div>\n\n\t\n\n<\/div>\n<div class=\"row row-full-width align-equal align-center padding-both-sides\"  id=\"row-1327589271\">\n\n\n\t<div id=\"col-506224757\" class=\"col medium-4 small-12 large-4\"  >\n\t\t\t\t<div class=\"col-inner\"  >\n\t\t\t\n\t\t\t\n\n\n  <div class=\"banner has-hover\" id=\"banner-4874599\">\n          <div class=\"banner-inner fill\">\n        <div class=\"banner-bg fill\" >\n            <div class=\"bg fill bg-fill \"><\/div>\n                                    \n                    <\/div>\n        <div class=\"banner-layers container\">\n            <div class=\"fill banner-link\"><\/div>            \n\n   <div id=\"text-box-1728930732\" class=\"text-box banner-layer x50 md-x50 lg-x50 y50 md-y50 lg-y50 res-text\">\n                                <div class=\"text-box-content text dark\">\n              \n              <div class=\"text-inner text-center\">\n                  \n\n\n              <\/div>\n           <\/div>\n                            \n<style>\n#text-box-1728930732 {\n  width: 60%;\n}\n#text-box-1728930732 .text-box-content {\n  font-size: 100%;\n}\n<\/style>\n    <\/div>\n \n\n        <\/div>\n      <\/div>\n\n            \n<style>\n#banner-4874599 {\n  padding-top: 99.99%;\n}\n#banner-4874599 .bg.bg-loaded {\n  background-image: url(https:\/\/canpistraques.com\/wp-content\/uploads\/2019\/08\/foto-avis.jpeg);\n}\n#banner-4874599 .bg {\n  background-position: 48% 8%;\n}\n<\/style>\n  <\/div>\n\n\n\n\t\t<\/div>\n\t\t\t\t\t<\/div>\n\n\t\n\n\t<div id=\"col-1693198815\" class=\"col medium-4 small-12 large-4\"  >\n\t\t\t\t<div class=\"col-inner\"  >\n\t\t\t\n\t\t\t\n\n\n  <div class=\"banner has-hover\" id=\"banner-1399598130\">\n          <div class=\"banner-inner fill\">\n        <div class=\"banner-bg fill\" >\n            <div class=\"bg fill bg-fill \"><\/div>\n                                    \n                    <\/div>\n        <div class=\"banner-layers container\">\n            <div class=\"fill banner-link\"><\/div>            \n\n   <div id=\"text-box-764443922\" class=\"text-box banner-layer x50 md-x50 lg-x50 y50 md-y50 lg-y50 res-text\">\n                                <div class=\"text-box-content text dark\">\n              \n              <div class=\"text-inner text-center\">\n                  \n\n\n              <\/div>\n           <\/div>\n                            \n<style>\n#text-box-764443922 {\n  width: 60%;\n}\n#text-box-764443922 .text-box-content {\n  font-size: 100%;\n}\n<\/style>\n    <\/div>\n \n\n        <\/div>\n      <\/div>\n\n            \n<style>\n#banner-1399598130 {\n  padding-top: 99.99%;\n}\n#banner-1399598130 .bg.bg-loaded {\n  background-image: url(https:\/\/canpistraques.com\/wp-content\/uploads\/2019\/08\/botiga.jpeg);\n}\n#banner-1399598130 .bg {\n  background-position: 48% 8%;\n}\n<\/style>\n  <\/div>\n\n\n\n\t\t<\/div>\n\t\t\t\t\t<\/div>\n\n\t\n\n\t<div id=\"col-1134195205\" class=\"col medium-4 small-12 large-4\"  >\n\t\t\t\t<div class=\"col-inner\"  >\n\t\t\t\n\t\t\t\n\n\n  <div class=\"banner has-hover\" id=\"banner-1216933548\">\n          <div class=\"banner-inner fill\">\n        <div class=\"banner-bg fill\" >\n            <div class=\"bg fill bg-fill \"><\/div>\n                                    \n                    <\/div>\n        <div class=\"banner-layers container\">\n            <div class=\"fill banner-link\"><\/div>            \n\n   <div id=\"text-box-1325290621\" class=\"text-box banner-layer x50 md-x50 lg-x50 y50 md-y50 lg-y50 res-text\">\n                                <div class=\"text-box-content text dark\">\n              \n              <div class=\"text-inner text-center\">\n                  \n\n\n              <\/div>\n           <\/div>\n                            \n<style>\n#text-box-1325290621 {\n  width: 60%;\n}\n#text-box-1325290621 .text-box-content {\n  font-size: 100%;\n}\n<\/style>\n    <\/div>\n \n\n        <\/div>\n      <\/div>\n\n            \n<style>\n#banner-1216933548 {\n  padding-top: 99.99%;\n}\n#banner-1216933548 .bg.bg-loaded {\n  background-image: url(https:\/\/canpistraques.com\/wp-content\/uploads\/2019\/08\/vinya.jpeg);\n}\n#banner-1216933548 .bg {\n  background-position: 48% 8%;\n}\n<\/style>\n  <\/div>\n\n\n\n\t\t<\/div>\n\t\t\t\t\t<\/div>\n\n\t\n\n<\/div>\n<div class=\"row align-center\"  id=\"row-1649846491\">\n\n\n\t<div id=\"col-2028723733\" class=\"col medium-8 small-12 large-8\"  >\n\t\t\t\t<div class=\"col-inner text-center\"  >\n\t\t\t\n\t\t\t\n\n\t<div id=\"gap-447895483\" class=\"gap-element clearfix\" style=\"display:block; height:auto;\">\n\t\t\n<style>\n#gap-447895483 {\n  padding-top: 60px;\n}\n<\/style>\n\t<\/div>\n\t\n\n<h1 class=\"uppercase\" style=\"text-align: center;\">Can pistraques, HOY<\/h1>\n<p style=\"text-align: center;\">Actualmente, la quinta generaci\u00f3n es responsable de la gesti\u00f3n del proyecto. Hoy es Josep M a Sunyer Cabayol quien est\u00e1 a cargo de la empresa y sigue trabajando para llevar embutidos artesanales a personas como t\u00fa, a las que les gusta saber lo que comes y no quieren renunciar a peque\u00f1os placeres. Las \u00e1reas de producci\u00f3n y ventas son su campo de trabajo. Gemma Rossell, comparte con \u00e9l la gesti\u00f3n de la empresa y se encarga de las tareas administrativas y financieras. <\/p>\n<p style=\"text-align: center;\">Nuestro principal objetivo es elaborar embutidos de m\u00e1xima calidad, adapt\u00e1ndonos a los nuevos h\u00e1bitos de compra y de consumo existente y transmitiendo nuestra filosof\u00eda, b\u00e1sicamente enfocada en seguir trabajando de forma artesanal y sostenible.<\/p>\n\n\t\t<\/div>\n\t\t\t\t\t<\/div>\n\n\t\n\n<\/div>\n\n\t\t<\/div>\n\n\t\t\n<style>\n#section_1373290039 {\n  padding-top: 90px;\n  padding-bottom: 90px;\n}\n<\/style>\n\t<\/section>\n\t\n\n","protected":false},"excerpt":{"rendered":"","protected":false},"author":1,"featured_media":0,"parent":0,"menu_order":0,"comment_status":"closed","ping_status":"closed","template":"page-blank.php","meta":[],"yoast_head":"<!-- This site is optimized with the Yoast SEO plugin v17.5 - https:\/\/yoast.com\/wordpress\/plugins\/seo\/ -->\n<title>Qui\u00e9nes somos - can pistraques<\/title>\n<meta name=\"robots\" content=\"index, follow, max-snippet:-1, max-image-preview:large, max-video-preview:-1\" \/>\n<link rel=\"canonical\" href=\"https:\/\/canpistraques.com\/es\/quienes-somos\/\" \/>\n<meta property=\"og:locale\" content=\"es_ES\" \/>\n<meta property=\"og:type\" content=\"article\" \/>\n<meta property=\"og:title\" content=\"Qui\u00e9nes somos - can pistraques\" \/>\n<meta property=\"og:url\" content=\"https:\/\/canpistraques.com\/es\/quienes-somos\/\" \/>\n<meta property=\"og:site_name\" content=\"can pistraques\" \/>\n<meta property=\"article:publisher\" content=\"https:\/\/www.facebook.com\/canpistraques\/\" \/>\n<meta property=\"article:modified_time\" content=\"2020-07-03T06:42:53+00:00\" \/>\n<meta name=\"twitter:card\" content=\"summary_large_image\" \/>\n<meta name=\"twitter:label1\" content=\"Tiempo de lectura\" \/>\n\t<meta name=\"twitter:data1\" content=\"2 minutos\" \/>\n<script type=\"application\/ld+json\" class=\"yoast-schema-graph\">{\"@context\":\"https:\/\/schema.org\",\"@graph\":[{\"@type\":\"Organization\",\"@id\":\"https:\/\/canpistraques.com\/#organization\",\"name\":\"Can Pistraques\",\"url\":\"https:\/\/canpistraques.com\/\",\"sameAs\":[\"https:\/\/www.facebook.com\/canpistraques\/\",\"https:\/\/www.instagram.com\/canpistraques\/\"],\"logo\":{\"@type\":\"ImageObject\",\"@id\":\"https:\/\/canpistraques.com\/#logo\",\"inLanguage\":\"es\",\"url\":\"https:\/\/canpistraques.com\/wp-content\/uploads\/2019\/08\/canpistraques_logo_sup.png\",\"contentUrl\":\"https:\/\/canpistraques.com\/wp-content\/uploads\/2019\/08\/canpistraques_logo_sup.png\",\"width\":800,\"height\":309,\"caption\":\"Can Pistraques\"},\"image\":{\"@id\":\"https:\/\/canpistraques.com\/#logo\"}},{\"@type\":\"WebSite\",\"@id\":\"https:\/\/canpistraques.com\/#website\",\"url\":\"https:\/\/canpistraques.com\/\",\"name\":\"Can Pistraques\",\"description\":\"Can pistraques\",\"publisher\":{\"@id\":\"https:\/\/canpistraques.com\/#organization\"},\"potentialAction\":[{\"@type\":\"SearchAction\",\"target\":{\"@type\":\"EntryPoint\",\"urlTemplate\":\"https:\/\/canpistraques.com\/?s={search_term_string}\"},\"query-input\":\"required name=search_term_string\"}],\"inLanguage\":\"es\"},{\"@type\":\"WebPage\",\"@id\":\"https:\/\/canpistraques.com\/es\/quienes-somos\/#webpage\",\"url\":\"https:\/\/canpistraques.com\/es\/quienes-somos\/\",\"name\":\"Qui\\u00e9nes somos - can pistraques\",\"isPartOf\":{\"@id\":\"https:\/\/canpistraques.com\/#website\"},\"datePublished\":\"2019-11-21T15:55:40+00:00\",\"dateModified\":\"2020-07-03T06:42:53+00:00\",\"breadcrumb\":{\"@id\":\"https:\/\/canpistraques.com\/es\/quienes-somos\/#breadcrumb\"},\"inLanguage\":\"es\",\"potentialAction\":[{\"@type\":\"ReadAction\",\"target\":[\"https:\/\/canpistraques.com\/es\/quienes-somos\/\"]}]},{\"@type\":\"BreadcrumbList\",\"@id\":\"https:\/\/canpistraques.com\/es\/quienes-somos\/#breadcrumb\",\"itemListElement\":[{\"@type\":\"ListItem\",\"position\":1,\"name\":\"Home\",\"item\":\"https:\/\/canpistraques.com\/es\/\"},{\"@type\":\"ListItem\",\"position\":2,\"name\":\"Qui\\u00e9nes somos\"}]}]}<\/script>\n<!-- \/ Yoast SEO plugin. -->","yoast_head_json":{"title":"Qui\u00e9nes somos - can pistraques","robots":{"index":"index","follow":"follow","max-snippet":"max-snippet:-1","max-image-preview":"max-image-preview:large","max-video-preview":"max-video-preview:-1"},"canonical":"https:\/\/canpistraques.com\/es\/quienes-somos\/","og_locale":"es_ES","og_type":"article","og_title":"Qui\u00e9nes somos - can pistraques","og_url":"https:\/\/canpistraques.com\/es\/quienes-somos\/","og_site_name":"can pistraques","article_publisher":"https:\/\/www.facebook.com\/canpistraques\/","article_modified_time":"2020-07-03T06:42:53+00:00","twitter_card":"summary_large_image","twitter_misc":{"Tiempo de lectura":"2 minutos"},"schema":{"@context":"https:\/\/schema.org","@graph":[{"@type":"Organization","@id":"https:\/\/canpistraques.com\/#organization","name":"Can Pistraques","url":"https:\/\/canpistraques.com\/","sameAs":["https:\/\/www.facebook.com\/canpistraques\/","https:\/\/www.instagram.com\/canpistraques\/"],"logo":{"@type":"ImageObject","@id":"https:\/\/canpistraques.com\/#logo","inLanguage":"es","url":"https:\/\/canpistraques.com\/wp-content\/uploads\/2019\/08\/canpistraques_logo_sup.png","contentUrl":"https:\/\/canpistraques.com\/wp-content\/uploads\/2019\/08\/canpistraques_logo_sup.png","width":800,"height":309,"caption":"Can Pistraques"},"image":{"@id":"https:\/\/canpistraques.com\/#logo"}},{"@type":"WebSite","@id":"https:\/\/canpistraques.com\/#website","url":"https:\/\/canpistraques.com\/","name":"Can Pistraques","description":"Can pistraques","publisher":{"@id":"https:\/\/canpistraques.com\/#organization"},"potentialAction":[{"@type":"SearchAction","target":{"@type":"EntryPoint","urlTemplate":"https:\/\/canpistraques.com\/?s={search_term_string}"},"query-input":"required name=search_term_string"}],"inLanguage":"es"},{"@type":"WebPage","@id":"https:\/\/canpistraques.com\/es\/quienes-somos\/#webpage","url":"https:\/\/canpistraques.com\/es\/quienes-somos\/","name":"Qui\u00e9nes somos - can pistraques","isPartOf":{"@id":"https:\/\/canpistraques.com\/#website"},"datePublished":"2019-11-21T15:55:40+00:00","dateModified":"2020-07-03T06:42:53+00:00","breadcrumb":{"@id":"https:\/\/canpistraques.com\/es\/quienes-somos\/#breadcrumb"},"inLanguage":"es","potentialAction":[{"@type":"ReadAction","target":["https:\/\/canpistraques.com\/es\/quienes-somos\/"]}]},{"@type":"BreadcrumbList","@id":"https:\/\/canpistraques.com\/es\/quienes-somos\/#breadcrumb","itemListElement":[{"@type":"ListItem","position":1,"name":"Home","item":"https:\/\/canpistraques.com\/es\/"},{"@type":"ListItem","position":2,"name":"Qui\u00e9nes somos"}]}]}},"_links":{"self":[{"href":"https:\/\/canpistraques.com\/es\/wp-json\/wp\/v2\/pages\/3997"}],"collection":[{"href":"https:\/\/canpistraques.com\/es\/wp-json\/wp\/v2\/pages"}],"about":[{"href":"https:\/\/canpistraques.com\/es\/wp-json\/wp\/v2\/types\/page"}],"author":[{"embeddable":true,"href":"https:\/\/canpistraques.com\/es\/wp-json\/wp\/v2\/users\/1"}],"replies":[{"embeddable":true,"href":"https:\/\/canpistraques.com\/es\/wp-json\/wp\/v2\/comments?post=3997"}],"version-history":[{"count":6,"href":"https:\/\/canpistraques.com\/es\/wp-json\/wp\/v2\/pages\/3997\/revisions"}],"predecessor-version":[{"id":8784,"href":"https:\/\/canpistraques.com\/es\/wp-json\/wp\/v2\/pages\/3997\/revisions\/8784"}],"wp:attachment":[{"href":"https:\/\/canpistraques.com\/es\/wp-json\/wp\/v2\/media?parent=3997"}],"curies":[{"name":"wp","href":"https:\/\/api.w.org\/{rel}","templated":true}]}}