{"id":4005,"date":"2019-11-21T16:19:07","date_gmt":"2019-11-21T16:19:07","guid":{"rendered":"https:\/\/canpistraques.com\/filosofia\/"},"modified":"2020-07-03T06:38:49","modified_gmt":"2020-07-03T06:38:49","slug":"filosofia","status":"publish","type":"page","link":"https:\/\/canpistraques.com\/es\/filosofia\/","title":{"rendered":"Filosof\u00eda"},"content":{"rendered":"\n\n  <div class=\"banner has-hover\" id=\"banner-178903690\">\n          <div class=\"banner-inner fill\">\n        <div class=\"banner-bg fill\" >\n            <div class=\"bg fill bg-fill \"><\/div>\n                        <div class=\"overlay\"><\/div>            \n                    <\/div>\n        <div class=\"banner-layers container\">\n            <div class=\"fill banner-link\"><\/div>            \n\n   <div id=\"text-box-1348705156\" class=\"text-box banner-layer x50 md-x50 lg-x50 y50 md-y50 lg-y50 res-text\">\n                                <div class=\"text-box-content text dark\">\n              \n              <div class=\"text-inner text-center\">\n                  \n\n<h1 style=\"letter-spacing: 3px;\">APOSTAMOS POR LA FILOSOF\u00cdA DEL SLOW-FOOD<\/h1>\n\n              <\/div>\n           <\/div>\n                            \n<style>\n#text-box-1348705156 {\n  width: 60%;\n}\n#text-box-1348705156 .text-box-content {\n  font-size: 100%;\n}\n@media (min-width:550px) {\n  #text-box-1348705156 {\n    width: 50%;\n  }\n}\n<\/style>\n    <\/div>\n \n\n        <\/div>\n      <\/div>\n\n            \n<style>\n#banner-178903690 {\n  padding-top: 99.99%;\n}\n#banner-178903690 .bg.bg-loaded {\n  background-image: url(https:\/\/canpistraques.com\/wp-content\/uploads\/2019\/08\/Pernil-dolc\u0327-bodego-1024x768.jpg);\n}\n#banner-178903690 .overlay {\n  background-color: rgba(0, 0, 0, 0.19);\n}\n#banner-178903690 .bg {\n  background-position: 63% 74%;\n}\n@media (min-width:550px) {\n  #banner-178903690 {\n    padding-top: 30%;\n  }\n}\n<\/style>\n  <\/div>\n\n\n\t<section class=\"section\" id=\"section_180594094\">\n\t\t<div class=\"bg section-bg fill bg-fill  bg-loaded\" >\n\n\t\t\t\n\t\t\t\n\t\t\t\n\n\t\t<\/div>\n\n\t\t<div class=\"section-content relative\">\n\t\t\t\n\n<div class=\"row align-center padding-both-sides\"  id=\"row-1232183554\">\n\n\n\t<div id=\"col-785308438\" class=\"col medium-4 small-10 large-4\"  >\n\t\t\t\t<div class=\"col-inner\"  >\n\t\t\t\n\t\t\t\n\n\t<div id=\"gap-1650328501\" class=\"gap-element clearfix\" style=\"display:block; height:auto;\">\n\t\t\n<style>\n#gap-1650328501 {\n  padding-top: 40px;\n}\n<\/style>\n\t<\/div>\n\t\n\n<h1 class=\"uppercase\"><span style=\"font-size: 150%;\">Nuestra filosof\u00eda nos hace especiales<\/span><\/h1>\n<div class=\"is-divider divider clearfix\" style=\"max-width:40%;background-color:rgb(210, 166, 0);\"><\/div>\n\n\n\t\t<\/div>\n\t\t\t\t\t<\/div>\n\n\t\n\n\t<div id=\"col-598032941\" class=\"col medium-7 small-10 large-7\"  >\n\t\t\t\t<div class=\"col-inner\"  >\n\t\t\t\n\t\t\t\n\n\t<div id=\"gap-1988627905\" class=\"gap-element clearfix\" style=\"display:block; height:auto;\">\n\t\t\n<style>\n#gap-1988627905 {\n  padding-top: 40px;\n}\n<\/style>\n\t<\/div>\n\t\n\n<p><span style=\"font-size: 110%;\">Nuestra filosof\u00eda sigue siendo la misma que hace m\u00e1s de un siglo: la calidad por delante de todo. Estamos comprometidos con una dieta natural y una cuidada forma de elaboraci\u00f3n, artesanal y tradicional, trabajo constante e innovaci\u00f3n, los principales ejes de nuestra filosof\u00eda que nos permiten lograr resultados \u00f3ptimos, que sin duda se reflejan en el Sabor de nuestros productos.<\/span><\/p>\n\n\t\t<\/div>\n\t\t\t\t\t<\/div>\n\n\t\n\n<\/div>\n\n\t\t<\/div>\n\n\t\t\n<style>\n#section_180594094 {\n  padding-top: 90px;\n  padding-bottom: 90px;\n}\n<\/style>\n\t<\/section>\n\t\n\t<section class=\"section\" id=\"section_1054732058\">\n\t\t<div class=\"bg section-bg fill bg-fill  bg-loaded\" >\n\n\t\t\t\n\t\t\t<div class=\"section-bg-overlay absolute fill\"><\/div>\n\t\t\t\n\n\t\t<\/div>\n\n\t\t<div class=\"section-content relative\">\n\t\t\t\n\n<div class=\"row row-collapse align-center\"  id=\"row-1053796519\">\n\n\n\t<div id=\"col-281953496\" class=\"col medium-8 small-12 large-8\"  >\n\t\t\t\t<div class=\"col-inner text-center\"  >\n\t\t\t\n\t\t\t\n\n<h1 class=\"uppercase\" style=\"line-height: 52px;\"><span class=\"s1\">\u00abAPOSTAMOS POR la\u00a0 cultura DEL SLOW-FOODD, que anima a los consumidores a alimentarse cuidadosamente, VALORANDO la calidad, la procedencia de la materia prima y la forma de cocinar\u00bb<\/span><\/h1>\n\n\t\t<\/div>\n\t\t\t\t\t<\/div>\n\n\t\n\n<\/div>\n\n\t\t<\/div>\n\n\t\t\n<style>\n#section_1054732058 {\n  padding-top: 0px;\n  padding-bottom: 0px;\n}\n#section_1054732058 .section-bg-overlay {\n  background-color: rgba(255, 255, 255, 0.88);\n}\n<\/style>\n\t<\/section>\n\t\n\t<section class=\"section\" id=\"section_220671381\">\n\t\t<div class=\"bg section-bg fill bg-fill  bg-loaded\" >\n\n\t\t\t\n\t\t\t\n\t\t\t\n\n\t\t<\/div>\n\n\t\t<div class=\"section-content relative\">\n\t\t\t\n\n<div class=\"row align-center\"  id=\"row-893871181\">\n\n\n\t<div id=\"col-2138336057\" class=\"col medium-8 small-12 large-8\"  >\n\t\t\t\t<div class=\"col-inner\"  >\n\t\t\t\n\t\t\t\n\n\t<div id=\"gap-1186902870\" class=\"gap-element clearfix\" style=\"display:block; height:auto;\">\n\t\t\n<style>\n#gap-1186902870 {\n  padding-top: 20px;\n}\n<\/style>\n\t<\/div>\n\t\n\n<p>La materia prima utilizada en la elaboraci\u00f3n de nuestros productos proviene de la raza porcina Duroc. Una raza de Los EE.UU. que destaca por su calidad, con una carne m\u00e1s sabrosa, tierna y roja, que tiene poca agua y proporciona colesterol bueno y triglic\u00e9ridos no saturados. Los cerdos Duroc se cr\u00edan con una alimentaci\u00f3n estricta y controlada, a base de cereales, leguminosos, vitaminas y minerales. Tambi\u00e9n cumplen con todos los requisitos de bienestar animal, lo que garantiza que est\u00e1n en libertad y en una densidad que garantiza su calidad de vida.<\/p>\n<p>Nuestros productos no tienen ninguna adici\u00f3n industrial o qu\u00edmica, s\u00f3lo a\u00f1adimos productos naturales como pimienta o sal, por esta raz\u00f3n son adecuados para personas con alergias o lactosa.<\/p>\n<p>El proceso de elaboraci\u00f3n es completamente artesanal y seguimos utilizando la forma ancestral de trabajar que nuestros antepasados ya utilizaban, lo que resulta en una calidad y sabor inmejorables.<\/p>\n\n\t\t<\/div>\n\t\t\t\t\t<\/div>\n\n\t\n\n<\/div>\n\n\t\t<\/div>\n\n\t\t\n<style>\n#section_220671381 {\n  padding-top: 30px;\n  padding-bottom: 30px;\n}\n<\/style>\n\t<\/section>\n\t\n\t<section class=\"section\" id=\"section_812239859\">\n\t\t<div class=\"bg section-bg fill bg-fill  bg-loaded\" >\n\n\t\t\t\n\t\t\t\n\t\t\t\n\n\t\t<\/div>\n\n\t\t<div class=\"section-content relative\">\n\t\t\t\n\n<div class=\"row\"  id=\"row-1902739746\">\n\n\n\t<div id=\"col-90501340\" class=\"col medium-4 small-12 large-4\"  >\n\t\t\t\t<div class=\"col-inner\"  >\n\t\t\t\n\t\t\t\n\n\t<div class=\"img has-hover x md-x lg-x y md-y lg-y\" id=\"image_214823022\">\n\t\t\t\t\t\t\t\t<div class=\"img-inner image-cover dark\" style=\"padding-top:75%;\">\n\t\t\t<img width=\"1020\" height=\"765\" src=\"https:\/\/canpistraques.com\/wp-content\/uploads\/2019\/08\/Rulo-orella-i-peus-bodego-2-1024x768.jpg\" class=\"attachment-large size-large\" alt=\"\" loading=\"lazy\" srcset=\"https:\/\/canpistraques.com\/wp-content\/uploads\/2019\/08\/Rulo-orella-i-peus-bodego-2-1024x768.jpg 1024w, https:\/\/canpistraques.com\/wp-content\/uploads\/2019\/08\/Rulo-orella-i-peus-bodego-2-300x225.jpg 300w, https:\/\/canpistraques.com\/wp-content\/uploads\/2019\/08\/Rulo-orella-i-peus-bodego-2-768x576.jpg 768w, https:\/\/canpistraques.com\/wp-content\/uploads\/2019\/08\/Rulo-orella-i-peus-bodego-2-1536x1152.jpg 1536w, https:\/\/canpistraques.com\/wp-content\/uploads\/2019\/08\/Rulo-orella-i-peus-bodego-2-800x600.jpg 800w, https:\/\/canpistraques.com\/wp-content\/uploads\/2019\/08\/Rulo-orella-i-peus-bodego-2.jpg 2000w\" sizes=\"(max-width: 1020px) 100vw, 1020px\" \/>\t\t\t\t\t\t\n\t\t\t\t\t<\/div>\n\t\t\t\t\t\t\t\t\n<style>\n#image_214823022 {\n  width: 100%;\n}\n<\/style>\n\t<\/div>\n\t\n\n\n\t\t<\/div>\n\t\t\t\t\t<\/div>\n\n\t\n\n\t<div id=\"col-2133869362\" class=\"col medium-4 small-12 large-4\"  >\n\t\t\t\t<div class=\"col-inner\"  >\n\t\t\t\n\t\t\t\n\n\t<div class=\"img has-hover x md-x lg-x y md-y lg-y\" id=\"image_154990701\">\n\t\t\t\t\t\t\t\t<div class=\"img-inner image-cover dark\" style=\"padding-top:75%;\">\n\t\t\t<img width=\"1020\" height=\"765\" src=\"https:\/\/canpistraques.com\/wp-content\/uploads\/2019\/08\/fuet-1024x768.jpg\" class=\"attachment-large size-large\" alt=\"\" loading=\"lazy\" srcset=\"https:\/\/canpistraques.com\/wp-content\/uploads\/2019\/08\/fuet-1024x768.jpg 1024w, https:\/\/canpistraques.com\/wp-content\/uploads\/2019\/08\/fuet-300x225.jpg 300w, https:\/\/canpistraques.com\/wp-content\/uploads\/2019\/08\/fuet-768x576.jpg 768w, https:\/\/canpistraques.com\/wp-content\/uploads\/2019\/08\/fuet-1536x1152.jpg 1536w, https:\/\/canpistraques.com\/wp-content\/uploads\/2019\/08\/fuet-800x600.jpg 800w, https:\/\/canpistraques.com\/wp-content\/uploads\/2019\/08\/fuet.jpg 2000w\" sizes=\"(max-width: 1020px) 100vw, 1020px\" \/>\t\t\t\t\t\t\n\t\t\t\t\t<\/div>\n\t\t\t\t\t\t\t\t\n<style>\n#image_154990701 {\n  width: 100%;\n}\n<\/style>\n\t<\/div>\n\t\n\n\n\t\t<\/div>\n\t\t\t\t\t<\/div>\n\n\t\n\n\t<div id=\"col-670131154\" class=\"col medium-4 small-12 large-4\"  >\n\t\t\t\t<div class=\"col-inner\"  >\n\t\t\t\n\t\t\t\n\n\t<div class=\"img has-hover x md-x lg-x y md-y lg-y\" id=\"image_1084603893\">\n\t\t\t\t\t\t\t\t<div class=\"img-inner image-cover dark\" style=\"padding-top:75%;\">\n\t\t\t<img width=\"1020\" height=\"765\" src=\"https:\/\/canpistraques.com\/wp-content\/uploads\/2019\/08\/Ribs_mel_bodego-1024x768.jpg\" class=\"attachment-large size-large\" alt=\"\" loading=\"lazy\" srcset=\"https:\/\/canpistraques.com\/wp-content\/uploads\/2019\/08\/Ribs_mel_bodego-1024x768.jpg 1024w, https:\/\/canpistraques.com\/wp-content\/uploads\/2019\/08\/Ribs_mel_bodego-300x225.jpg 300w, https:\/\/canpistraques.com\/wp-content\/uploads\/2019\/08\/Ribs_mel_bodego-768x576.jpg 768w, https:\/\/canpistraques.com\/wp-content\/uploads\/2019\/08\/Ribs_mel_bodego-1536x1152.jpg 1536w, https:\/\/canpistraques.com\/wp-content\/uploads\/2019\/08\/Ribs_mel_bodego-800x600.jpg 800w, https:\/\/canpistraques.com\/wp-content\/uploads\/2019\/08\/Ribs_mel_bodego.jpg 2000w\" sizes=\"(max-width: 1020px) 100vw, 1020px\" \/>\t\t\t\t\t\t\n\t\t\t\t\t<\/div>\n\t\t\t\t\t\t\t\t\n<style>\n#image_1084603893 {\n  width: 100%;\n}\n<\/style>\n\t<\/div>\n\t\n\n\n\t\t<\/div>\n\t\t\t\t\t<\/div>\n\n\t\n\n<\/div>\n\n\t\t<\/div>\n\n\t\t\n<style>\n#section_812239859 {\n  padding-top: 30px;\n  padding-bottom: 30px;\n}\n<\/style>\n\t<\/section>\n\t\n\n","protected":false},"excerpt":{"rendered":"","protected":false},"author":1,"featured_media":0,"parent":0,"menu_order":0,"comment_status":"closed","ping_status":"closed","template":"page-blank.php","meta":[],"yoast_head":"<!-- This site is optimized with the Yoast SEO plugin v17.5 - https:\/\/yoast.com\/wordpress\/plugins\/seo\/ -->\n<title>Filosof\u00eda - can pistraques<\/title>\n<meta name=\"robots\" content=\"index, follow, max-snippet:-1, max-image-preview:large, max-video-preview:-1\" \/>\n<link rel=\"canonical\" href=\"https:\/\/canpistraques.com\/es\/filosofia\/\" \/>\n<meta property=\"og:locale\" content=\"es_ES\" \/>\n<meta property=\"og:type\" content=\"article\" \/>\n<meta property=\"og:title\" content=\"Filosof\u00eda - can pistraques\" \/>\n<meta property=\"og:url\" content=\"https:\/\/canpistraques.com\/es\/filosofia\/\" \/>\n<meta property=\"og:site_name\" content=\"can pistraques\" \/>\n<meta property=\"article:publisher\" content=\"https:\/\/www.facebook.com\/canpistraques\/\" \/>\n<meta property=\"article:modified_time\" content=\"2020-07-03T06:38:49+00:00\" \/>\n<meta name=\"twitter:card\" content=\"summary_large_image\" \/>\n<meta name=\"twitter:label1\" content=\"Tiempo de lectura\" \/>\n\t<meta name=\"twitter:data1\" content=\"2 minutos\" \/>\n<script type=\"application\/ld+json\" class=\"yoast-schema-graph\">{\"@context\":\"https:\/\/schema.org\",\"@graph\":[{\"@type\":\"Organization\",\"@id\":\"https:\/\/canpistraques.com\/#organization\",\"name\":\"Can Pistraques\",\"url\":\"https:\/\/canpistraques.com\/\",\"sameAs\":[\"https:\/\/www.facebook.com\/canpistraques\/\",\"https:\/\/www.instagram.com\/canpistraques\/\"],\"logo\":{\"@type\":\"ImageObject\",\"@id\":\"https:\/\/canpistraques.com\/#logo\",\"inLanguage\":\"es\",\"url\":\"https:\/\/canpistraques.com\/wp-content\/uploads\/2019\/08\/canpistraques_logo_sup.png\",\"contentUrl\":\"https:\/\/canpistraques.com\/wp-content\/uploads\/2019\/08\/canpistraques_logo_sup.png\",\"width\":800,\"height\":309,\"caption\":\"Can Pistraques\"},\"image\":{\"@id\":\"https:\/\/canpistraques.com\/#logo\"}},{\"@type\":\"WebSite\",\"@id\":\"https:\/\/canpistraques.com\/#website\",\"url\":\"https:\/\/canpistraques.com\/\",\"name\":\"Can Pistraques\",\"description\":\"Can pistraques\",\"publisher\":{\"@id\":\"https:\/\/canpistraques.com\/#organization\"},\"potentialAction\":[{\"@type\":\"SearchAction\",\"target\":{\"@type\":\"EntryPoint\",\"urlTemplate\":\"https:\/\/canpistraques.com\/?s={search_term_string}\"},\"query-input\":\"required name=search_term_string\"}],\"inLanguage\":\"es\"},{\"@type\":\"WebPage\",\"@id\":\"https:\/\/canpistraques.com\/es\/filosofia\/#webpage\",\"url\":\"https:\/\/canpistraques.com\/es\/filosofia\/\",\"name\":\"Filosof\\u00eda - can pistraques\",\"isPartOf\":{\"@id\":\"https:\/\/canpistraques.com\/#website\"},\"datePublished\":\"2019-11-21T16:19:07+00:00\",\"dateModified\":\"2020-07-03T06:38:49+00:00\",\"breadcrumb\":{\"@id\":\"https:\/\/canpistraques.com\/es\/filosofia\/#breadcrumb\"},\"inLanguage\":\"es\",\"potentialAction\":[{\"@type\":\"ReadAction\",\"target\":[\"https:\/\/canpistraques.com\/es\/filosofia\/\"]}]},{\"@type\":\"BreadcrumbList\",\"@id\":\"https:\/\/canpistraques.com\/es\/filosofia\/#breadcrumb\",\"itemListElement\":[{\"@type\":\"ListItem\",\"position\":1,\"name\":\"Home\",\"item\":\"https:\/\/canpistraques.com\/es\/\"},{\"@type\":\"ListItem\",\"position\":2,\"name\":\"Filosof\\u00eda\"}]}]}<\/script>\n<!-- \/ Yoast SEO plugin. -->","yoast_head_json":{"title":"Filosof\u00eda - can pistraques","robots":{"index":"index","follow":"follow","max-snippet":"max-snippet:-1","max-image-preview":"max-image-preview:large","max-video-preview":"max-video-preview:-1"},"canonical":"https:\/\/canpistraques.com\/es\/filosofia\/","og_locale":"es_ES","og_type":"article","og_title":"Filosof\u00eda - can pistraques","og_url":"https:\/\/canpistraques.com\/es\/filosofia\/","og_site_name":"can pistraques","article_publisher":"https:\/\/www.facebook.com\/canpistraques\/","article_modified_time":"2020-07-03T06:38:49+00:00","twitter_card":"summary_large_image","twitter_misc":{"Tiempo de lectura":"2 minutos"},"schema":{"@context":"https:\/\/schema.org","@graph":[{"@type":"Organization","@id":"https:\/\/canpistraques.com\/#organization","name":"Can Pistraques","url":"https:\/\/canpistraques.com\/","sameAs":["https:\/\/www.facebook.com\/canpistraques\/","https:\/\/www.instagram.com\/canpistraques\/"],"logo":{"@type":"ImageObject","@id":"https:\/\/canpistraques.com\/#logo","inLanguage":"es","url":"https:\/\/canpistraques.com\/wp-content\/uploads\/2019\/08\/canpistraques_logo_sup.png","contentUrl":"https:\/\/canpistraques.com\/wp-content\/uploads\/2019\/08\/canpistraques_logo_sup.png","width":800,"height":309,"caption":"Can Pistraques"},"image":{"@id":"https:\/\/canpistraques.com\/#logo"}},{"@type":"WebSite","@id":"https:\/\/canpistraques.com\/#website","url":"https:\/\/canpistraques.com\/","name":"Can Pistraques","description":"Can pistraques","publisher":{"@id":"https:\/\/canpistraques.com\/#organization"},"potentialAction":[{"@type":"SearchAction","target":{"@type":"EntryPoint","urlTemplate":"https:\/\/canpistraques.com\/?s={search_term_string}"},"query-input":"required name=search_term_string"}],"inLanguage":"es"},{"@type":"WebPage","@id":"https:\/\/canpistraques.com\/es\/filosofia\/#webpage","url":"https:\/\/canpistraques.com\/es\/filosofia\/","name":"Filosof\u00eda - can pistraques","isPartOf":{"@id":"https:\/\/canpistraques.com\/#website"},"datePublished":"2019-11-21T16:19:07+00:00","dateModified":"2020-07-03T06:38:49+00:00","breadcrumb":{"@id":"https:\/\/canpistraques.com\/es\/filosofia\/#breadcrumb"},"inLanguage":"es","potentialAction":[{"@type":"ReadAction","target":["https:\/\/canpistraques.com\/es\/filosofia\/"]}]},{"@type":"BreadcrumbList","@id":"https:\/\/canpistraques.com\/es\/filosofia\/#breadcrumb","itemListElement":[{"@type":"ListItem","position":1,"name":"Home","item":"https:\/\/canpistraques.com\/es\/"},{"@type":"ListItem","position":2,"name":"Filosof\u00eda"}]}]}},"_links":{"self":[{"href":"https:\/\/canpistraques.com\/es\/wp-json\/wp\/v2\/pages\/4005"}],"collection":[{"href":"https:\/\/canpistraques.com\/es\/wp-json\/wp\/v2\/pages"}],"about":[{"href":"https:\/\/canpistraques.com\/es\/wp-json\/wp\/v2\/types\/page"}],"author":[{"embeddable":true,"href":"https:\/\/canpistraques.com\/es\/wp-json\/wp\/v2\/users\/1"}],"replies":[{"embeddable":true,"href":"https:\/\/canpistraques.com\/es\/wp-json\/wp\/v2\/comments?post=4005"}],"version-history":[{"count":6,"href":"https:\/\/canpistraques.com\/es\/wp-json\/wp\/v2\/pages\/4005\/revisions"}],"predecessor-version":[{"id":8783,"href":"https:\/\/canpistraques.com\/es\/wp-json\/wp\/v2\/pages\/4005\/revisions\/8783"}],"wp:attachment":[{"href":"https:\/\/canpistraques.com\/es\/wp-json\/wp\/v2\/media?parent=4005"}],"curies":[{"name":"wp","href":"https:\/\/api.w.org\/{rel}","templated":true}]}}