{"id":4018,"date":"2019-11-21T16:35:50","date_gmt":"2019-11-21T16:35:50","guid":{"rendered":"https:\/\/canpistraques.com\/politica-de-cookies\/"},"modified":"2020-08-11T15:06:56","modified_gmt":"2020-08-11T15:06:56","slug":"politica-de-cookies","status":"publish","type":"page","link":"https:\/\/canpistraques.com\/es\/politica-de-cookies\/","title":{"rendered":"Pol\u00edtica de Cookies-es"},"content":{"rendered":"\n\t<section class=\"section\" id=\"section_2017432626\">\n\t\t<div class=\"bg section-bg fill bg-fill  bg-loaded\" >\n\n\t\t\t\n\t\t\t\n\t\t\t\n\n\t\t<\/div>\n\n\t\t<div class=\"section-content relative\">\n\t\t\t\n\n<div class=\"row align-center\"  id=\"row-703335706\">\n\n\n\t<div id=\"col-306857548\" class=\"col medium-8 small-12 large-8\"  >\n\t\t\t\t<div class=\"col-inner\"  >\n\t\t\t\n\t\t\t\n\n<p><span class=\"notranslate\">En cumplimiento de lo dispuesto en el art\u00edculo 22.2 de la Ley 34\/2002, de 11 de julio, de Servicios de la Sociedad de la Informaci\u00f3n y de Comercio Electr\u00f3nico, esta p\u00e1gina Web le informa en esta secci\u00f3n sobre la <strong>pol\u00edtica de recogida y tratamiento de cookies.<\/strong><\/span><\/p>\n<p><span class=\"notranslate\"><strong>\u00bfQu\u00e9 son las cookies?<\/strong><\/span><\/p>\n<p><span class=\"notranslate\">Una cookie es un archivo de instalaci\u00f3n que se descarga en su ordenador cuando accede a determinadas p\u00e1ginas web.<\/span> <span class=\"notranslate\">Las cookies se pueden visitar en un sitio web, entre otras cosas, almacenar y recuperar informaci\u00f3n sobre el usuario o los usuarios de su computadora, y dependen de la informaci\u00f3n que contienen y c\u00f3mo utiliza su computadora, la uso para reconocer El usuario.<\/span><\/p>\n<p><span class=\"notranslate\"><strong>\u00bfQu\u00e9 tipos de cookies se utilizan en este sitio web?<\/strong><\/span><\/p>\n<p><span class=\"notranslate\">Este sitio web utiliza cookies:<\/span><\/p>\n<p><span class=\"notranslate\">Cookies de <strong>an\u00e1lisis:<\/strong> Son aqu\u00e9llas que son bien tratadas por nosotros o por terceros, nos permiten seleccionar el n\u00famero de usuarios y realizar la funci\u00f3n y an\u00e1lisis estad\u00edstico\/Contabilidad de la forma en que los usuarios realizan la ofrecida.<\/span> <span class=\"notranslate\">Para ello analizamos su navegaci\u00f3n en nuestra p\u00e1gina web con el fin de mejorar la oferta de productos o servicios que ofrecemos.<\/span><\/p>\n<p><span class=\"notranslate\"><strong>T\u00e9cnicas de Cookies:<\/strong> Son aqu\u00e9laciones que permiten al usuario navegar por el \u00e1rea restringida y el uso de diferentes funciones, como cambiar el proceso de compra de un art\u00edculo.<\/span><\/p>\n<p><span class=\"notranslate\"><strong>Personalizaci\u00f3n de cookies:<\/strong> Son aqu\u00e9llas que permiten al usuario acceder a un men\u00fa al servicio con caracter\u00edsticas diet\u00e9ticas del car\u00e1cter general por defecto en funci\u00f3n p\u00fablica de una serie de winger en el terminal del usuario como el idioma o el tipo de navegador a trav\u00e9s del cual se encuentra Conectado al servicio.<\/span><\/p>\n<p><span class=\"notranslate\"><strong>Cookies publicitarias:<\/strong> Son aqu\u00e9llas que, bientratadas por este sitio web o por terceros, permiten de la forma m\u00e1s eficiente posible la oferta de los espacios publicitarios que se encuentran en la p\u00e1gina Web, adaptando la Conten de la proclamaci\u00f3n a la Conten del servicio solicitado o al uso que hace \u00bfTiene sin tener que hacer que nuestro sitio web.<\/span> <span class=\"notranslate\">Para ello podemos estudiar sus h\u00e1bitos Schlossturm en Internet y mostramos publicidad relacionada con su perfil de navegaci\u00f3n.<\/span><\/p>\n<p><span class=\"notranslate\">Cookies de <strong>publicidad comportamental:<\/strong> Son aqu\u00e9llas que permiten la gesti\u00f3n, de la forma m\u00e1s eficiente, de los espacios publicitarios, que, en su caso, el Editor de La Haya incluye en una p\u00e1gina web, aplicaci\u00f3n o plataforma desde la que se presta el servicio.<\/span> <span class=\"notranslate\">Este tipo de cookies Debla no es de comportamiento de los visitantes obtenidas a trav\u00e9s del D\u00eda de Monterrey continua de sus h\u00e1bitos de navegaci\u00f3n, lo que permite desarrollar un perfil espec\u00edfico para mostrar anuncios vallas publicitarias a la funci\u00f3n p\u00fablica de los mismos.<\/span><\/p>\n<p><span class=\"notranslate\"><strong>Desactivaci\u00f3n de las cookies.<\/strong><\/span><\/p>\n<p><span class=\"notranslate\">Puede <strong>permitir, bloquear o eliminar las cookies<\/strong> instaladas en su ordenador mediante la configuraci\u00f3n de las opciones del navegador instalado en su ordenador.<\/span><\/p>\n<p><span class=\"notranslate\">En la p\u00e1gina web mayoritaria encontrar\u00e1 la posibilidad de permitir, bloquear o eliminar las cookies instaladas en su ordenador.<\/span><\/p>\n<p><span class=\"notranslate\">A continuaci\u00f3n, puede acceder a un men\u00fa en la configuraci\u00f3n de los sitios web de Navigators mediante OK, instalar o desactivar las cookies:<\/span><\/p>\n<p><span class=\"notranslate\"><a href=\"https:\/\/translate.googleusercontent.com\/translate_c?depth=1&amp;hl=es&amp;rurl=translate.google.es&amp;sl=auto&amp;sp=nmt4&amp;tl=ca&amp;u=https:\/\/support.google.com\/chrome\/answer\/95647%3Fhl%3Des&amp;xid=17259,15700021,15700043,15700186,15700191,15700256,15700259,15700262,15700265,15700271,15700283&amp;usg=ALkJrhitSWhQhwDp5Py-aLRCin3hHiT1yA\" target=\"_blank\" rel=\"noopener noreferrer nofollow external\" data-wpel-link=\"external\">Establecer cookies en Google Chrome<\/a><\/span><\/p>\n<p><span class=\"notranslate\"><a href=\"https:\/\/translate.googleusercontent.com\/translate_c?depth=1&amp;hl=es&amp;rurl=translate.google.es&amp;sl=auto&amp;sp=nmt4&amp;tl=ca&amp;u=http:\/\/windows.microsoft.com\/es-es\/windows7\/how-to-manage-cookies-in-internet-explorer-9&amp;xid=17259,15700021,15700043,15700186,15700191,15700256,15700259,15700262,15700265,15700271,15700283&amp;usg=ALkJrhjUu7Mfp8TRTkGu5HDpfyeXsRpQQw\" target=\"_blank\" rel=\"noopener noreferrer nofollow external\" data-wpel-link=\"external\">Establecer cookies en Microsoft Internet Explorer<\/a><\/span><\/p>\n<p><span class=\"notranslate\"><a href=\"https:\/\/translate.googleusercontent.com\/translate_c?depth=1&amp;hl=es&amp;rurl=translate.google.es&amp;sl=auto&amp;sp=nmt4&amp;tl=ca&amp;u=https:\/\/support.mozilla.org\/es\/kb\/habilitar-y-deshabilitar-cookies-sitios-web-rastrear-preferencias%3Fredirectlocale%3Des%26redirectslug%3Dhabilitar-y-deshabilitar-cookies-que-los-sitios-we&amp;xid=17259,15700021,15700043,15700186,15700191,15700256,15700259,15700262,15700265,15700271,15700283&amp;usg=ALkJrhhPS1Y-T1pPC-j8v1Zikoc46f_2Mw\" target=\"_blank\" rel=\"noopener noreferrer nofollow external\" data-wpel-link=\"external\">Establecer cookies desde Mozilla Firefox<\/a><\/span><\/p>\n<p><span class=\"notranslate\"><a href=\"https:\/\/translate.googleusercontent.com\/translate_c?depth=1&amp;hl=es&amp;rurl=translate.google.es&amp;sl=auto&amp;sp=nmt4&amp;tl=ca&amp;u=https:\/\/support.apple.com\/es-es\/HT201265&amp;xid=17259,15700021,15700043,15700186,15700191,15700256,15700259,15700262,15700265,15700271,15700283&amp;usg=ALkJrhg_GvB1QLsOSYyNXFIxffbdAmIrQg\" target=\"_blank\" rel=\"noopener noreferrer nofollow external\" data-wpel-link=\"external\">Configurar cookies en Safari (Apple)<\/a><\/span><\/p>\n<p><span class=\"notranslate\"><strong>Cookies de terceros.<\/strong><\/span><\/p>\n<p><span class=\"notranslate\">Este sitio web utiliza servicios de terceros para recopilar informaci\u00f3n con fines estad\u00edsticos y de uso del sitio web.<\/span> <span class=\"notranslate\">Utilizamos las cookies de DoubleClick para mejorar el anunciante que se incluye en el sitio web.<\/span> <span class=\"notranslate\">Se utilizan para orientar la publicidad seg\u00fan la Contenciosa que es relevante para un usuario, mejorando as\u00ed la calidad de la experiencia en el uso de la misma.<\/span><\/p>\n<p><span class=\"notranslate\">En concreto, utilizamos los servicios de Google Adsense y Google Analytics para enviarle estad\u00edsticas y publicidad.<\/span> <span class=\"notranslate\">Las cookies son esenciales para el funcionamiento del sitio, por ejemplo, el formulario incorporado.<\/span><\/p>\n<p><span class=\"notranslate\">Nuestro trabajo es proporcionado por terceros.<\/span> <span class=\"notranslate\">Puedes compartir la Contenciosa en redes sociales como Facebook, Twitter o Google +, con los botones que hemos incluido para tal fin.<\/span><\/p>\n<p><span class=\"notranslate\"><strong>Advertir sobre la eliminaci\u00f3n de cookies.<\/strong><\/span><\/p>\n<p><span class=\"notranslate\">Puede eliminar y bloquear las cookies de este sitio, pero no el sitio no funciona o la calidad del sitio web puede verse afectada.<\/span><\/p>\n<p><span class=\"notranslate\">Si tiene alguna pregunta sobre nuestra pol\u00edtica de cookies, puede ponerse en contacto con esta p\u00e1gina web a trav\u00e9s de nuestros canales de contacto.<\/span><\/p>\n\n\t\t<\/div>\n\t\t\t\t\t<\/div>\n\n\t\n\n<\/div>\n\n\t\t<\/div>\n\n\t\t\n<style>\n#section_2017432626 {\n  padding-top: 30px;\n  padding-bottom: 30px;\n}\n<\/style>\n\t<\/section>\n\t\n\n","protected":false},"excerpt":{"rendered":"","protected":false},"author":1,"featured_media":0,"parent":0,"menu_order":0,"comment_status":"closed","ping_status":"closed","template":"","meta":[],"yoast_head":"<!-- This site is optimized with the Yoast SEO plugin v17.5 - https:\/\/yoast.com\/wordpress\/plugins\/seo\/ -->\n<title>Pol\u00edtica de Cookies-es - can pistraques<\/title>\n<meta name=\"robots\" content=\"index, follow, max-snippet:-1, max-image-preview:large, max-video-preview:-1\" \/>\n<link rel=\"canonical\" href=\"https:\/\/canpistraques.com\/es\/politica-de-cookies\/\" \/>\n<meta property=\"og:locale\" content=\"es_ES\" \/>\n<meta property=\"og:type\" content=\"article\" \/>\n<meta property=\"og:title\" content=\"Pol\u00edtica de Cookies-es - can pistraques\" \/>\n<meta property=\"og:url\" content=\"https:\/\/canpistraques.com\/es\/politica-de-cookies\/\" \/>\n<meta property=\"og:site_name\" content=\"can pistraques\" \/>\n<meta property=\"article:publisher\" content=\"https:\/\/www.facebook.com\/canpistraques\/\" \/>\n<meta property=\"article:modified_time\" content=\"2020-08-11T15:06:56+00:00\" \/>\n<meta name=\"twitter:card\" content=\"summary_large_image\" \/>\n<meta name=\"twitter:label1\" content=\"Tiempo de lectura\" \/>\n\t<meta name=\"twitter:data1\" content=\"4 minutos\" \/>\n<script type=\"application\/ld+json\" class=\"yoast-schema-graph\">{\"@context\":\"https:\/\/schema.org\",\"@graph\":[{\"@type\":\"Organization\",\"@id\":\"https:\/\/canpistraques.com\/#organization\",\"name\":\"Can Pistraques\",\"url\":\"https:\/\/canpistraques.com\/\",\"sameAs\":[\"https:\/\/www.facebook.com\/canpistraques\/\",\"https:\/\/www.instagram.com\/canpistraques\/\"],\"logo\":{\"@type\":\"ImageObject\",\"@id\":\"https:\/\/canpistraques.com\/#logo\",\"inLanguage\":\"es\",\"url\":\"https:\/\/canpistraques.com\/wp-content\/uploads\/2019\/08\/canpistraques_logo_sup.png\",\"contentUrl\":\"https:\/\/canpistraques.com\/wp-content\/uploads\/2019\/08\/canpistraques_logo_sup.png\",\"width\":800,\"height\":309,\"caption\":\"Can Pistraques\"},\"image\":{\"@id\":\"https:\/\/canpistraques.com\/#logo\"}},{\"@type\":\"WebSite\",\"@id\":\"https:\/\/canpistraques.com\/#website\",\"url\":\"https:\/\/canpistraques.com\/\",\"name\":\"Can Pistraques\",\"description\":\"Can pistraques\",\"publisher\":{\"@id\":\"https:\/\/canpistraques.com\/#organization\"},\"potentialAction\":[{\"@type\":\"SearchAction\",\"target\":{\"@type\":\"EntryPoint\",\"urlTemplate\":\"https:\/\/canpistraques.com\/?s={search_term_string}\"},\"query-input\":\"required name=search_term_string\"}],\"inLanguage\":\"es\"},{\"@type\":\"WebPage\",\"@id\":\"https:\/\/canpistraques.com\/es\/politica-de-cookies\/#webpage\",\"url\":\"https:\/\/canpistraques.com\/es\/politica-de-cookies\/\",\"name\":\"Pol\\u00edtica de Cookies-es - can pistraques\",\"isPartOf\":{\"@id\":\"https:\/\/canpistraques.com\/#website\"},\"datePublished\":\"2019-11-21T16:35:50+00:00\",\"dateModified\":\"2020-08-11T15:06:56+00:00\",\"breadcrumb\":{\"@id\":\"https:\/\/canpistraques.com\/es\/politica-de-cookies\/#breadcrumb\"},\"inLanguage\":\"es\",\"potentialAction\":[{\"@type\":\"ReadAction\",\"target\":[\"https:\/\/canpistraques.com\/es\/politica-de-cookies\/\"]}]},{\"@type\":\"BreadcrumbList\",\"@id\":\"https:\/\/canpistraques.com\/es\/politica-de-cookies\/#breadcrumb\",\"itemListElement\":[{\"@type\":\"ListItem\",\"position\":1,\"name\":\"Home\",\"item\":\"https:\/\/canpistraques.com\/es\/\"},{\"@type\":\"ListItem\",\"position\":2,\"name\":\"Pol\\u00edtica de Cookies-es\"}]}]}<\/script>\n<!-- \/ Yoast SEO plugin. -->","yoast_head_json":{"title":"Pol\u00edtica de Cookies-es - can pistraques","robots":{"index":"index","follow":"follow","max-snippet":"max-snippet:-1","max-image-preview":"max-image-preview:large","max-video-preview":"max-video-preview:-1"},"canonical":"https:\/\/canpistraques.com\/es\/politica-de-cookies\/","og_locale":"es_ES","og_type":"article","og_title":"Pol\u00edtica de Cookies-es - can pistraques","og_url":"https:\/\/canpistraques.com\/es\/politica-de-cookies\/","og_site_name":"can pistraques","article_publisher":"https:\/\/www.facebook.com\/canpistraques\/","article_modified_time":"2020-08-11T15:06:56+00:00","twitter_card":"summary_large_image","twitter_misc":{"Tiempo de lectura":"4 minutos"},"schema":{"@context":"https:\/\/schema.org","@graph":[{"@type":"Organization","@id":"https:\/\/canpistraques.com\/#organization","name":"Can Pistraques","url":"https:\/\/canpistraques.com\/","sameAs":["https:\/\/www.facebook.com\/canpistraques\/","https:\/\/www.instagram.com\/canpistraques\/"],"logo":{"@type":"ImageObject","@id":"https:\/\/canpistraques.com\/#logo","inLanguage":"es","url":"https:\/\/canpistraques.com\/wp-content\/uploads\/2019\/08\/canpistraques_logo_sup.png","contentUrl":"https:\/\/canpistraques.com\/wp-content\/uploads\/2019\/08\/canpistraques_logo_sup.png","width":800,"height":309,"caption":"Can Pistraques"},"image":{"@id":"https:\/\/canpistraques.com\/#logo"}},{"@type":"WebSite","@id":"https:\/\/canpistraques.com\/#website","url":"https:\/\/canpistraques.com\/","name":"Can Pistraques","description":"Can pistraques","publisher":{"@id":"https:\/\/canpistraques.com\/#organization"},"potentialAction":[{"@type":"SearchAction","target":{"@type":"EntryPoint","urlTemplate":"https:\/\/canpistraques.com\/?s={search_term_string}"},"query-input":"required name=search_term_string"}],"inLanguage":"es"},{"@type":"WebPage","@id":"https:\/\/canpistraques.com\/es\/politica-de-cookies\/#webpage","url":"https:\/\/canpistraques.com\/es\/politica-de-cookies\/","name":"Pol\u00edtica de Cookies-es - can pistraques","isPartOf":{"@id":"https:\/\/canpistraques.com\/#website"},"datePublished":"2019-11-21T16:35:50+00:00","dateModified":"2020-08-11T15:06:56+00:00","breadcrumb":{"@id":"https:\/\/canpistraques.com\/es\/politica-de-cookies\/#breadcrumb"},"inLanguage":"es","potentialAction":[{"@type":"ReadAction","target":["https:\/\/canpistraques.com\/es\/politica-de-cookies\/"]}]},{"@type":"BreadcrumbList","@id":"https:\/\/canpistraques.com\/es\/politica-de-cookies\/#breadcrumb","itemListElement":[{"@type":"ListItem","position":1,"name":"Home","item":"https:\/\/canpistraques.com\/es\/"},{"@type":"ListItem","position":2,"name":"Pol\u00edtica de Cookies-es"}]}]}},"_links":{"self":[{"href":"https:\/\/canpistraques.com\/es\/wp-json\/wp\/v2\/pages\/4018"}],"collection":[{"href":"https:\/\/canpistraques.com\/es\/wp-json\/wp\/v2\/pages"}],"about":[{"href":"https:\/\/canpistraques.com\/es\/wp-json\/wp\/v2\/types\/page"}],"author":[{"embeddable":true,"href":"https:\/\/canpistraques.com\/es\/wp-json\/wp\/v2\/users\/1"}],"replies":[{"embeddable":true,"href":"https:\/\/canpistraques.com\/es\/wp-json\/wp\/v2\/comments?post=4018"}],"version-history":[{"count":8,"href":"https:\/\/canpistraques.com\/es\/wp-json\/wp\/v2\/pages\/4018\/revisions"}],"predecessor-version":[{"id":4198,"href":"https:\/\/canpistraques.com\/es\/wp-json\/wp\/v2\/pages\/4018\/revisions\/4198"}],"wp:attachment":[{"href":"https:\/\/canpistraques.com\/es\/wp-json\/wp\/v2\/media?parent=4018"}],"curies":[{"name":"wp","href":"https:\/\/api.w.org\/{rel}","templated":true}]}}