{"id":4124,"date":"2019-08-14T17:09:08","date_gmt":"2019-11-22T07:36:01","guid":{"rendered":"https:\/\/canpistraques.com\/productes\/sincategorizar\/carpaccio-mejilla-de-cerdo-con-reduccion-de-pedro-ximenez\/"},"modified":"2021-06-07T08:58:30","modified_gmt":"2021-06-07T08:58:30","slug":"carpaccio-de-carrillera-de-cerdo-con-reduccion-de-pedro-ximenez","status":"publish","type":"product","link":"https:\/\/canpistraques.com\/es\/comprar-producto\/carpaccio-de-carrillera-de-cerdo-con-reduccion-de-pedro-ximenez\/","title":{"rendered":"Carpaccio de carrillera de cerdo"},"content":{"rendered":"<p>Carrilleras de  cerdo cocidas en caldo durante 3 horas y despalilladas. Una vez enfriado en moldes, el producto se lamina en rodajas finas de mejilla de cerdo. Se sazonan y se dejan vaciar para una preservaci\u00f3n \u00f3ptima.<\/p>\n<p><strong>Ingredientes:<\/strong> carrilleras de cerdo, careta de cerdo, especias, hidrolizados vegetales, antioxidante E331, conservante E250, az\u00facar para estabilizar y sal fina.<br \/>\n<strong>Formatos<\/strong> de presentaci\u00f3n: 160 gramos de carpaccio sobre embalaje al vac\u00edo, dentro de un sobre de cart\u00f3n.<br \/>\n<strong>Caducidad:<\/strong> 40 d\u00edas.<br \/>\n<strong>Instrucciones:<\/strong> listo para ser consumido con un toque t\u00e9rmico previo y ligero, ideal como aperitivo.<\/p>\n","protected":false},"excerpt":{"rendered":"<p>Careta de cerdo cocida al Pedro Xim\u00e9nez<\/p>\n","protected":false},"featured_media":3565,"template":"","meta":[],"product_cat":[40],"product_tag":[],"yoast_head":"<!-- This site is optimized with the Yoast SEO plugin v17.5 - https:\/\/yoast.com\/wordpress\/plugins\/seo\/ -->\n<title>Carpaccio de carrillera de cerdo - can pistraques<\/title>\n<meta name=\"description\" content=\"Mejillas de cerdo cocidas en caldo durante 3 horas y despalilladas. Una vez enfriado en moldes, el producto se lamina en rodajas finas de mejilla de cerdo. Se sazonan y se dejan vaciar para una preservaci\u00f3n \u00f3ptima.\" \/>\n<meta name=\"robots\" content=\"index, follow, max-snippet:-1, max-image-preview:large, max-video-preview:-1\" \/>\n<link rel=\"canonical\" href=\"https:\/\/canpistraques.com\/es\/comprar-producto\/carpaccio-de-carrillera-de-cerdo-con-reduccion-de-pedro-ximenez\/\" \/>\n<meta property=\"og:locale\" content=\"es_ES\" \/>\n<meta property=\"og:type\" content=\"article\" \/>\n<meta property=\"og:title\" content=\"Carpaccio de carrillera de cerdo - can pistraques\" \/>\n<meta property=\"og:description\" content=\"Mejillas de cerdo cocidas en caldo durante 3 horas y despalilladas. Una vez enfriado en moldes, el producto se lamina en rodajas finas de mejilla de cerdo. Se sazonan y se dejan vaciar para una preservaci\u00f3n \u00f3ptima.\" \/>\n<meta property=\"og:url\" content=\"https:\/\/canpistraques.com\/es\/comprar-producto\/carpaccio-de-carrillera-de-cerdo-con-reduccion-de-pedro-ximenez\/\" \/>\n<meta property=\"og:site_name\" content=\"can pistraques\" \/>\n<meta property=\"article:publisher\" content=\"https:\/\/www.facebook.com\/canpistraques\/\" \/>\n<meta property=\"article:modified_time\" content=\"2021-06-07T08:58:30+00:00\" \/>\n<meta property=\"og:image\" content=\"https:\/\/canpistraques.com\/wp-content\/uploads\/2019\/08\/Carpaccio_galta.jpg\" \/>\n\t<meta property=\"og:image:width\" content=\"2000\" \/>\n\t<meta property=\"og:image:height\" content=\"1500\" \/>\n<meta name=\"twitter:card\" content=\"summary_large_image\" \/>\n<script type=\"application\/ld+json\" class=\"yoast-schema-graph\">{\"@context\":\"https:\/\/schema.org\",\"@graph\":[{\"@type\":\"Organization\",\"@id\":\"https:\/\/canpistraques.com\/#organization\",\"name\":\"Can Pistraques\",\"url\":\"https:\/\/canpistraques.com\/\",\"sameAs\":[\"https:\/\/www.facebook.com\/canpistraques\/\",\"https:\/\/www.instagram.com\/canpistraques\/\"],\"logo\":{\"@type\":\"ImageObject\",\"@id\":\"https:\/\/canpistraques.com\/#logo\",\"inLanguage\":\"es\",\"url\":\"https:\/\/canpistraques.com\/wp-content\/uploads\/2019\/08\/canpistraques_logo_sup.png\",\"contentUrl\":\"https:\/\/canpistraques.com\/wp-content\/uploads\/2019\/08\/canpistraques_logo_sup.png\",\"width\":800,\"height\":309,\"caption\":\"Can Pistraques\"},\"image\":{\"@id\":\"https:\/\/canpistraques.com\/#logo\"}},{\"@type\":\"WebSite\",\"@id\":\"https:\/\/canpistraques.com\/#website\",\"url\":\"https:\/\/canpistraques.com\/\",\"name\":\"Can Pistraques\",\"description\":\"Can pistraques\",\"publisher\":{\"@id\":\"https:\/\/canpistraques.com\/#organization\"},\"potentialAction\":[{\"@type\":\"SearchAction\",\"target\":{\"@type\":\"EntryPoint\",\"urlTemplate\":\"https:\/\/canpistraques.com\/?s={search_term_string}\"},\"query-input\":\"required name=search_term_string\"}],\"inLanguage\":\"es\"},{\"@type\":\"ImageObject\",\"@id\":\"https:\/\/canpistraques.com\/es\/comprar-producto\/carpaccio-de-carrillera-de-cerdo-con-reduccion-de-pedro-ximenez\/#primaryimage\",\"inLanguage\":\"es\",\"url\":\"https:\/\/canpistraques.com\/wp-content\/uploads\/2019\/08\/Carpaccio_galta.jpg\",\"contentUrl\":\"https:\/\/canpistraques.com\/wp-content\/uploads\/2019\/08\/Carpaccio_galta.jpg\",\"width\":2000,\"height\":1500},{\"@type\":\"WebPage\",\"@id\":\"https:\/\/canpistraques.com\/es\/comprar-producto\/carpaccio-de-carrillera-de-cerdo-con-reduccion-de-pedro-ximenez\/#webpage\",\"url\":\"https:\/\/canpistraques.com\/es\/comprar-producto\/carpaccio-de-carrillera-de-cerdo-con-reduccion-de-pedro-ximenez\/\",\"name\":\"Carpaccio de carrillera de cerdo - can pistraques\",\"isPartOf\":{\"@id\":\"https:\/\/canpistraques.com\/#website\"},\"primaryImageOfPage\":{\"@id\":\"https:\/\/canpistraques.com\/es\/comprar-producto\/carpaccio-de-carrillera-de-cerdo-con-reduccion-de-pedro-ximenez\/#primaryimage\"},\"datePublished\":\"2019-11-22T07:36:01+00:00\",\"dateModified\":\"2021-06-07T08:58:30+00:00\",\"description\":\"Mejillas de cerdo cocidas en caldo durante 3 horas y despalilladas. Una vez enfriado en moldes, el producto se lamina en rodajas finas de mejilla de cerdo. Se sazonan y se dejan vaciar para una preservaci\\u00f3n \\u00f3ptima.\",\"breadcrumb\":{\"@id\":\"https:\/\/canpistraques.com\/es\/comprar-producto\/carpaccio-de-carrillera-de-cerdo-con-reduccion-de-pedro-ximenez\/#breadcrumb\"},\"inLanguage\":\"es\",\"potentialAction\":[{\"@type\":\"ReadAction\",\"target\":[\"https:\/\/canpistraques.com\/es\/comprar-producto\/carpaccio-de-carrillera-de-cerdo-con-reduccion-de-pedro-ximenez\/\"]}]},{\"@type\":\"BreadcrumbList\",\"@id\":\"https:\/\/canpistraques.com\/es\/comprar-producto\/carpaccio-de-carrillera-de-cerdo-con-reduccion-de-pedro-ximenez\/#breadcrumb\",\"itemListElement\":[{\"@type\":\"ListItem\",\"position\":1,\"name\":\"Home\",\"item\":\"https:\/\/canpistraques.com\/es\/\"},{\"@type\":\"ListItem\",\"position\":2,\"name\":\"Tienda\",\"item\":\"https:\/\/canpistraques.com\/es\/productos\/\"},{\"@type\":\"ListItem\",\"position\":3,\"name\":\"Carpaccio de carrillera de cerdo\"}]}]}<\/script>\n<!-- \/ Yoast SEO plugin. -->","yoast_head_json":{"title":"Carpaccio de carrillera de cerdo - can pistraques","description":"Mejillas de cerdo cocidas en caldo durante 3 horas y despalilladas. Una vez enfriado en moldes, el producto se lamina en rodajas finas de mejilla de cerdo. Se sazonan y se dejan vaciar para una preservaci\u00f3n \u00f3ptima.","robots":{"index":"index","follow":"follow","max-snippet":"max-snippet:-1","max-image-preview":"max-image-preview:large","max-video-preview":"max-video-preview:-1"},"canonical":"https:\/\/canpistraques.com\/es\/comprar-producto\/carpaccio-de-carrillera-de-cerdo-con-reduccion-de-pedro-ximenez\/","og_locale":"es_ES","og_type":"article","og_title":"Carpaccio de carrillera de cerdo - can pistraques","og_description":"Mejillas de cerdo cocidas en caldo durante 3 horas y despalilladas. Una vez enfriado en moldes, el producto se lamina en rodajas finas de mejilla de cerdo. Se sazonan y se dejan vaciar para una preservaci\u00f3n \u00f3ptima.","og_url":"https:\/\/canpistraques.com\/es\/comprar-producto\/carpaccio-de-carrillera-de-cerdo-con-reduccion-de-pedro-ximenez\/","og_site_name":"can pistraques","article_publisher":"https:\/\/www.facebook.com\/canpistraques\/","article_modified_time":"2021-06-07T08:58:30+00:00","og_image":[{"width":2000,"height":1500,"url":"https:\/\/canpistraques.com\/wp-content\/uploads\/2019\/08\/Carpaccio_galta.jpg","type":"image\/jpeg"}],"twitter_card":"summary_large_image","schema":{"@context":"https:\/\/schema.org","@graph":[{"@type":"Organization","@id":"https:\/\/canpistraques.com\/#organization","name":"Can Pistraques","url":"https:\/\/canpistraques.com\/","sameAs":["https:\/\/www.facebook.com\/canpistraques\/","https:\/\/www.instagram.com\/canpistraques\/"],"logo":{"@type":"ImageObject","@id":"https:\/\/canpistraques.com\/#logo","inLanguage":"es","url":"https:\/\/canpistraques.com\/wp-content\/uploads\/2019\/08\/canpistraques_logo_sup.png","contentUrl":"https:\/\/canpistraques.com\/wp-content\/uploads\/2019\/08\/canpistraques_logo_sup.png","width":800,"height":309,"caption":"Can Pistraques"},"image":{"@id":"https:\/\/canpistraques.com\/#logo"}},{"@type":"WebSite","@id":"https:\/\/canpistraques.com\/#website","url":"https:\/\/canpistraques.com\/","name":"Can Pistraques","description":"Can pistraques","publisher":{"@id":"https:\/\/canpistraques.com\/#organization"},"potentialAction":[{"@type":"SearchAction","target":{"@type":"EntryPoint","urlTemplate":"https:\/\/canpistraques.com\/?s={search_term_string}"},"query-input":"required name=search_term_string"}],"inLanguage":"es"},{"@type":"ImageObject","@id":"https:\/\/canpistraques.com\/es\/comprar-producto\/carpaccio-de-carrillera-de-cerdo-con-reduccion-de-pedro-ximenez\/#primaryimage","inLanguage":"es","url":"https:\/\/canpistraques.com\/wp-content\/uploads\/2019\/08\/Carpaccio_galta.jpg","contentUrl":"https:\/\/canpistraques.com\/wp-content\/uploads\/2019\/08\/Carpaccio_galta.jpg","width":2000,"height":1500},{"@type":"WebPage","@id":"https:\/\/canpistraques.com\/es\/comprar-producto\/carpaccio-de-carrillera-de-cerdo-con-reduccion-de-pedro-ximenez\/#webpage","url":"https:\/\/canpistraques.com\/es\/comprar-producto\/carpaccio-de-carrillera-de-cerdo-con-reduccion-de-pedro-ximenez\/","name":"Carpaccio de carrillera de cerdo - can pistraques","isPartOf":{"@id":"https:\/\/canpistraques.com\/#website"},"primaryImageOfPage":{"@id":"https:\/\/canpistraques.com\/es\/comprar-producto\/carpaccio-de-carrillera-de-cerdo-con-reduccion-de-pedro-ximenez\/#primaryimage"},"datePublished":"2019-11-22T07:36:01+00:00","dateModified":"2021-06-07T08:58:30+00:00","description":"Mejillas de cerdo cocidas en caldo durante 3 horas y despalilladas. Una vez enfriado en moldes, el producto se lamina en rodajas finas de mejilla de cerdo. Se sazonan y se dejan vaciar para una preservaci\u00f3n \u00f3ptima.","breadcrumb":{"@id":"https:\/\/canpistraques.com\/es\/comprar-producto\/carpaccio-de-carrillera-de-cerdo-con-reduccion-de-pedro-ximenez\/#breadcrumb"},"inLanguage":"es","potentialAction":[{"@type":"ReadAction","target":["https:\/\/canpistraques.com\/es\/comprar-producto\/carpaccio-de-carrillera-de-cerdo-con-reduccion-de-pedro-ximenez\/"]}]},{"@type":"BreadcrumbList","@id":"https:\/\/canpistraques.com\/es\/comprar-producto\/carpaccio-de-carrillera-de-cerdo-con-reduccion-de-pedro-ximenez\/#breadcrumb","itemListElement":[{"@type":"ListItem","position":1,"name":"Home","item":"https:\/\/canpistraques.com\/es\/"},{"@type":"ListItem","position":2,"name":"Tienda","item":"https:\/\/canpistraques.com\/es\/productos\/"},{"@type":"ListItem","position":3,"name":"Carpaccio de carrillera de cerdo"}]}]}},"_links":{"self":[{"href":"https:\/\/canpistraques.com\/es\/wp-json\/wp\/v2\/product\/4124"}],"collection":[{"href":"https:\/\/canpistraques.com\/es\/wp-json\/wp\/v2\/product"}],"about":[{"href":"https:\/\/canpistraques.com\/es\/wp-json\/wp\/v2\/types\/product"}],"wp:featuredmedia":[{"embeddable":true,"href":"https:\/\/canpistraques.com\/es\/wp-json\/wp\/v2\/media\/3565"}],"wp:attachment":[{"href":"https:\/\/canpistraques.com\/es\/wp-json\/wp\/v2\/media?parent=4124"}],"wp:term":[{"taxonomy":"product_cat","embeddable":true,"href":"https:\/\/canpistraques.com\/es\/wp-json\/wp\/v2\/product_cat?post=4124"},{"taxonomy":"product_tag","embeddable":true,"href":"https:\/\/canpistraques.com\/es\/wp-json\/wp\/v2\/product_tag?post=4124"}],"curies":[{"name":"wp","href":"https:\/\/api.w.org\/{rel}","templated":true}]}}