{"id":4126,"date":"2019-08-14T17:08:26","date_gmt":"2019-11-22T07:36:42","guid":{"rendered":"https:\/\/canpistraques.com\/productes\/sincategorizar\/carpaccio-de-mangos-de-cerdo\/"},"modified":"2021-10-29T11:28:45","modified_gmt":"2021-10-29T11:28:45","slug":"carpaccio-de-pies-de-cerdo","status":"publish","type":"product","link":"https:\/\/canpistraques.com\/es\/comprar-producto\/carpaccio-de-pies-de-cerdo\/","title":{"rendered":"Carpaccio de pies de Cerdo"},"content":{"rendered":"<p>Pies de cerdo cocidas en caldo durante 8 horas y deshuesadas. Una vez enfriadas en moldes, el producto se lamina en l\u00e1minas delgadas. Se sazonan y se dejan vaciar para una preservaci\u00f3n \u00f3ptima.<\/p>\n<p><strong>Ingredientes:<\/strong> manitas de cerdo, careta de cerdo, especias, hidrolizados vegetales, antioxidante E331, conservante E250, az\u00facar para estabilizar, sal fina, pimienta negra y aceite de oliva virgen extra<br \/>\n<strong>Formatos<\/strong> de presentaci\u00f3n: 160 gramos de carpaccio sobre embalaje al vac\u00edo, dentro de un sobre de cart\u00f3n.<br \/>\n<strong>Caducidad:<\/strong> 40 d\u00edas.<br \/>\n<strong>Instrucciones:<\/strong> listo para ser consumido con un toque t\u00e9rmico previo y ligero, ideal como aperitivo.<\/p>\n","protected":false},"excerpt":{"rendered":"<p>Manijas de cerdo cocidas en caldo y despalilladas.<\/p>\n","protected":false},"featured_media":2672,"template":"","meta":[],"product_cat":[40],"product_tag":[],"yoast_head":"<!-- This site is optimized with the Yoast SEO plugin v17.5 - https:\/\/yoast.com\/wordpress\/plugins\/seo\/ -->\n<title>Carpaccio de pies de Cerdo - can pistraques<\/title>\n<meta name=\"description\" content=\"Mangos de cerdo cocidos en caldo durante 8 horas y despalillados. Una vez enfriado en moldes, el producto se lamina en l\u00e1minas delgadas de mango de cerdo. Se sazonan y se dejan vaciar para una preservaci\u00f3n \u00f3ptima.\" \/>\n<meta name=\"robots\" content=\"index, follow, max-snippet:-1, max-image-preview:large, max-video-preview:-1\" \/>\n<link rel=\"canonical\" href=\"https:\/\/canpistraques.com\/es\/comprar-producto\/carpaccio-de-pies-de-cerdo\/\" \/>\n<meta property=\"og:locale\" content=\"es_ES\" \/>\n<meta property=\"og:type\" content=\"article\" \/>\n<meta property=\"og:title\" content=\"Carpaccio de pies de Cerdo - can pistraques\" \/>\n<meta property=\"og:description\" content=\"Mangos de cerdo cocidos en caldo durante 8 horas y despalillados. Una vez enfriado en moldes, el producto se lamina en l\u00e1minas delgadas de mango de cerdo. Se sazonan y se dejan vaciar para una preservaci\u00f3n \u00f3ptima.\" \/>\n<meta property=\"og:url\" content=\"https:\/\/canpistraques.com\/es\/comprar-producto\/carpaccio-de-pies-de-cerdo\/\" \/>\n<meta property=\"og:site_name\" content=\"can pistraques\" \/>\n<meta property=\"article:publisher\" content=\"https:\/\/www.facebook.com\/canpistraques\/\" \/>\n<meta property=\"article:modified_time\" content=\"2021-10-29T11:28:45+00:00\" \/>\n<meta name=\"twitter:card\" content=\"summary_large_image\" \/>\n<meta name=\"twitter:label1\" content=\"Tiempo de lectura\" \/>\n\t<meta name=\"twitter:data1\" content=\"1 minuto\" \/>\n<script type=\"application\/ld+json\" class=\"yoast-schema-graph\">{\"@context\":\"https:\/\/schema.org\",\"@graph\":[{\"@type\":\"Organization\",\"@id\":\"https:\/\/canpistraques.com\/#organization\",\"name\":\"Can Pistraques\",\"url\":\"https:\/\/canpistraques.com\/\",\"sameAs\":[\"https:\/\/www.facebook.com\/canpistraques\/\",\"https:\/\/www.instagram.com\/canpistraques\/\"],\"logo\":{\"@type\":\"ImageObject\",\"@id\":\"https:\/\/canpistraques.com\/#logo\",\"inLanguage\":\"es\",\"url\":\"https:\/\/canpistraques.com\/wp-content\/uploads\/2019\/08\/canpistraques_logo_sup.png\",\"contentUrl\":\"https:\/\/canpistraques.com\/wp-content\/uploads\/2019\/08\/canpistraques_logo_sup.png\",\"width\":800,\"height\":309,\"caption\":\"Can Pistraques\"},\"image\":{\"@id\":\"https:\/\/canpistraques.com\/#logo\"}},{\"@type\":\"WebSite\",\"@id\":\"https:\/\/canpistraques.com\/#website\",\"url\":\"https:\/\/canpistraques.com\/\",\"name\":\"Can Pistraques\",\"description\":\"Can pistraques\",\"publisher\":{\"@id\":\"https:\/\/canpistraques.com\/#organization\"},\"potentialAction\":[{\"@type\":\"SearchAction\",\"target\":{\"@type\":\"EntryPoint\",\"urlTemplate\":\"https:\/\/canpistraques.com\/?s={search_term_string}\"},\"query-input\":\"required name=search_term_string\"}],\"inLanguage\":\"es\"},{\"@type\":\"ImageObject\",\"@id\":\"https:\/\/canpistraques.com\/es\/comprar-producto\/carpaccio-de-pies-de-cerdo\/#primaryimage\",\"inLanguage\":\"es\",\"url\":\"https:\/\/canpistraques.com\/wp-content\/uploads\/2019\/08\/Carpacio_peus.jpg\",\"contentUrl\":\"https:\/\/canpistraques.com\/wp-content\/uploads\/2019\/08\/Carpacio_peus.jpg\",\"width\":2000,\"height\":1500},{\"@type\":\"WebPage\",\"@id\":\"https:\/\/canpistraques.com\/es\/comprar-producto\/carpaccio-de-pies-de-cerdo\/#webpage\",\"url\":\"https:\/\/canpistraques.com\/es\/comprar-producto\/carpaccio-de-pies-de-cerdo\/\",\"name\":\"Carpaccio de pies de Cerdo - can pistraques\",\"isPartOf\":{\"@id\":\"https:\/\/canpistraques.com\/#website\"},\"primaryImageOfPage\":{\"@id\":\"https:\/\/canpistraques.com\/es\/comprar-producto\/carpaccio-de-pies-de-cerdo\/#primaryimage\"},\"datePublished\":\"2019-11-22T07:36:42+00:00\",\"dateModified\":\"2021-10-29T11:28:45+00:00\",\"description\":\"Mangos de cerdo cocidos en caldo durante 8 horas y despalillados. Una vez enfriado en moldes, el producto se lamina en l\\u00e1minas delgadas de mango de cerdo. Se sazonan y se dejan vaciar para una preservaci\\u00f3n \\u00f3ptima.\",\"breadcrumb\":{\"@id\":\"https:\/\/canpistraques.com\/es\/comprar-producto\/carpaccio-de-pies-de-cerdo\/#breadcrumb\"},\"inLanguage\":\"es\",\"potentialAction\":[{\"@type\":\"ReadAction\",\"target\":[\"https:\/\/canpistraques.com\/es\/comprar-producto\/carpaccio-de-pies-de-cerdo\/\"]}]},{\"@type\":\"BreadcrumbList\",\"@id\":\"https:\/\/canpistraques.com\/es\/comprar-producto\/carpaccio-de-pies-de-cerdo\/#breadcrumb\",\"itemListElement\":[{\"@type\":\"ListItem\",\"position\":1,\"name\":\"Home\",\"item\":\"https:\/\/canpistraques.com\/es\/\"},{\"@type\":\"ListItem\",\"position\":2,\"name\":\"Tienda\",\"item\":\"https:\/\/canpistraques.com\/es\/productos\/\"},{\"@type\":\"ListItem\",\"position\":3,\"name\":\"Carpaccio de pies de Cerdo\"}]}]}<\/script>\n<!-- \/ Yoast SEO plugin. -->","yoast_head_json":{"title":"Carpaccio de pies de Cerdo - can pistraques","description":"Mangos de cerdo cocidos en caldo durante 8 horas y despalillados. Una vez enfriado en moldes, el producto se lamina en l\u00e1minas delgadas de mango de cerdo. Se sazonan y se dejan vaciar para una preservaci\u00f3n \u00f3ptima.","robots":{"index":"index","follow":"follow","max-snippet":"max-snippet:-1","max-image-preview":"max-image-preview:large","max-video-preview":"max-video-preview:-1"},"canonical":"https:\/\/canpistraques.com\/es\/comprar-producto\/carpaccio-de-pies-de-cerdo\/","og_locale":"es_ES","og_type":"article","og_title":"Carpaccio de pies de Cerdo - can pistraques","og_description":"Mangos de cerdo cocidos en caldo durante 8 horas y despalillados. Una vez enfriado en moldes, el producto se lamina en l\u00e1minas delgadas de mango de cerdo. Se sazonan y se dejan vaciar para una preservaci\u00f3n \u00f3ptima.","og_url":"https:\/\/canpistraques.com\/es\/comprar-producto\/carpaccio-de-pies-de-cerdo\/","og_site_name":"can pistraques","article_publisher":"https:\/\/www.facebook.com\/canpistraques\/","article_modified_time":"2021-10-29T11:28:45+00:00","twitter_card":"summary_large_image","twitter_misc":{"Tiempo de lectura":"1 minuto"},"schema":{"@context":"https:\/\/schema.org","@graph":[{"@type":"Organization","@id":"https:\/\/canpistraques.com\/#organization","name":"Can Pistraques","url":"https:\/\/canpistraques.com\/","sameAs":["https:\/\/www.facebook.com\/canpistraques\/","https:\/\/www.instagram.com\/canpistraques\/"],"logo":{"@type":"ImageObject","@id":"https:\/\/canpistraques.com\/#logo","inLanguage":"es","url":"https:\/\/canpistraques.com\/wp-content\/uploads\/2019\/08\/canpistraques_logo_sup.png","contentUrl":"https:\/\/canpistraques.com\/wp-content\/uploads\/2019\/08\/canpistraques_logo_sup.png","width":800,"height":309,"caption":"Can Pistraques"},"image":{"@id":"https:\/\/canpistraques.com\/#logo"}},{"@type":"WebSite","@id":"https:\/\/canpistraques.com\/#website","url":"https:\/\/canpistraques.com\/","name":"Can Pistraques","description":"Can pistraques","publisher":{"@id":"https:\/\/canpistraques.com\/#organization"},"potentialAction":[{"@type":"SearchAction","target":{"@type":"EntryPoint","urlTemplate":"https:\/\/canpistraques.com\/?s={search_term_string}"},"query-input":"required name=search_term_string"}],"inLanguage":"es"},{"@type":"ImageObject","@id":"https:\/\/canpistraques.com\/es\/comprar-producto\/carpaccio-de-pies-de-cerdo\/#primaryimage","inLanguage":"es","url":"https:\/\/canpistraques.com\/wp-content\/uploads\/2019\/08\/Carpacio_peus.jpg","contentUrl":"https:\/\/canpistraques.com\/wp-content\/uploads\/2019\/08\/Carpacio_peus.jpg","width":2000,"height":1500},{"@type":"WebPage","@id":"https:\/\/canpistraques.com\/es\/comprar-producto\/carpaccio-de-pies-de-cerdo\/#webpage","url":"https:\/\/canpistraques.com\/es\/comprar-producto\/carpaccio-de-pies-de-cerdo\/","name":"Carpaccio de pies de Cerdo - can pistraques","isPartOf":{"@id":"https:\/\/canpistraques.com\/#website"},"primaryImageOfPage":{"@id":"https:\/\/canpistraques.com\/es\/comprar-producto\/carpaccio-de-pies-de-cerdo\/#primaryimage"},"datePublished":"2019-11-22T07:36:42+00:00","dateModified":"2021-10-29T11:28:45+00:00","description":"Mangos de cerdo cocidos en caldo durante 8 horas y despalillados. Una vez enfriado en moldes, el producto se lamina en l\u00e1minas delgadas de mango de cerdo. Se sazonan y se dejan vaciar para una preservaci\u00f3n \u00f3ptima.","breadcrumb":{"@id":"https:\/\/canpistraques.com\/es\/comprar-producto\/carpaccio-de-pies-de-cerdo\/#breadcrumb"},"inLanguage":"es","potentialAction":[{"@type":"ReadAction","target":["https:\/\/canpistraques.com\/es\/comprar-producto\/carpaccio-de-pies-de-cerdo\/"]}]},{"@type":"BreadcrumbList","@id":"https:\/\/canpistraques.com\/es\/comprar-producto\/carpaccio-de-pies-de-cerdo\/#breadcrumb","itemListElement":[{"@type":"ListItem","position":1,"name":"Home","item":"https:\/\/canpistraques.com\/es\/"},{"@type":"ListItem","position":2,"name":"Tienda","item":"https:\/\/canpistraques.com\/es\/productos\/"},{"@type":"ListItem","position":3,"name":"Carpaccio de pies de Cerdo"}]}]}},"_links":{"self":[{"href":"https:\/\/canpistraques.com\/es\/wp-json\/wp\/v2\/product\/4126"}],"collection":[{"href":"https:\/\/canpistraques.com\/es\/wp-json\/wp\/v2\/product"}],"about":[{"href":"https:\/\/canpistraques.com\/es\/wp-json\/wp\/v2\/types\/product"}],"wp:featuredmedia":[{"embeddable":true,"href":"https:\/\/canpistraques.com\/es\/wp-json\/wp\/v2\/media\/2672"}],"wp:attachment":[{"href":"https:\/\/canpistraques.com\/es\/wp-json\/wp\/v2\/media?parent=4126"}],"wp:term":[{"taxonomy":"product_cat","embeddable":true,"href":"https:\/\/canpistraques.com\/es\/wp-json\/wp\/v2\/product_cat?post=4126"},{"taxonomy":"product_tag","embeddable":true,"href":"https:\/\/canpistraques.com\/es\/wp-json\/wp\/v2\/product_tag?post=4126"}],"curies":[{"name":"wp","href":"https:\/\/api.w.org\/{rel}","templated":true}]}}